{"id":120,"date":"2014-12-30T16:59:47","date_gmt":"2014-12-30T14:59:47","guid":{"rendered":"http:\/\/www.lerntherapie-ismaning.de\/?page_id=120"},"modified":"2019-02-21T12:09:21","modified_gmt":"2019-02-21T11:09:21","slug":"mein-ansatz","status":"publish","type":"page","link":"https:\/\/lerntherapie-dietzenbach.de\/?page_id=120","title":{"rendered":"Mein Ansatz"},"content":{"rendered":"<p>Die Kulturtechniken Lesen, Schreiben und Rechnen sind unerl\u00e4ssliche Voraussetzungen f\u00fcr die selbstbestimmte Teilhabe am gesellschaftlichen Leben. Nicht jeder Sch\u00fcler kann jedoch das Lernangebot der Schule gleicherma\u00dfen nutzen.<\/p>\n<p>Wenn Lernschwierigkeiten oder gar Lernverweigerung auftreten, beeintr\u00e4chtigt das nicht nur die gesunde Pers\u00f6nlichkeitsentwicklung des Kindes, sondern belastet auch die gesamte Familie in hohem Ma\u00df. Professionelle Distanz und eine fachlich fundierte Herangehensweise sind in einer solchen Situation unabdingbar.<\/p>\n<p>An diesem Punkt setzt meine ganzheitliche, au\u00dferschulische F\u00f6rderung an.<\/p>\n<p>Bei Lernst\u00f6rungen und Verhaltensauff\u00e4lligkeiten wie ADS, ADHS, Lese- und Rechtschreibst\u00f6rungen aber auch bei Rechenproblemen bietet die Integrative Lerntherapie einen ganzheitlichen Ansatz.<\/p>\n<p>Im Mittelpunkt meiner Arbeit stehen das Kind und seine unmittelbare Umgebung. Ich ber\u00fccksichtige seine bisherige Entwicklung und versuche, die Ursachen f\u00fcr Lernschwierigkeiten oder Blockaden herauszufinden. Neben schulischer \u00dcberforderung bei einzelnen Sch\u00fclern kann durch Unterforderung ebenso eine Lernm\u00fcdigkeit oder sogar v\u00f6lliges Desinteresse an schulischen Inhalten entstehen.<\/p>\n<p>Oftmals gelingt der entscheidende Durchbruch bereits, wenn ich bei den Lernvoraussetzungen des Kindes ansetze und nicht bei den aktuellen schulischen Anforderungen. Wenn es dabei gelingt, die Eigenmotivation des Kindes neu anzuregen, ist ein gro\u00dfer Schritt getan.<\/p>\n<p>Meine Hauptaufgabe ist es, gemeinsam mit dem Kind Lernstrukturen zu entwickeln und ihm individuelle Lernwege zur optimalen Entfaltung seines Potentials zu erm\u00f6glichen. Damit\u00a0sich die Lernsituation des Kindes\u00a0dauerhaft positiv ver\u00e4ndert, arbeite ich eng mit Schule und Elternhaus zusammen.<\/p>\n<p>F\u00fcr eine erste Kontaktaufnahme erreichen Sie mich unter der Tel. Nr. 06074 4860438 oder per Mail unter info@lerntherapie-dietzenbach.de.<\/p>\n<p><em>&#8222;Der Geist ist kein Schiff, das man beladen kann, sondern ein Feuer, das man entfachen muss.&#8220;<\/em><\/p>\n<p>Plutarch (46-120 n. Chr.)<\/p>\n","protected":false},"excerpt":{"rendered":"<p>Die Kulturtechniken Lesen, Schreiben und Rechnen sind unerl\u00e4ssliche Voraussetzungen f\u00fcr die selbstbestimmte Teilhabe am gesellschaftlichen Leben. Nicht jeder Sch\u00fcler kann jedoch das Lernangebot der Schule gleicherma\u00dfen nutzen. Wenn Lernschwierigkeiten oder gar Lernverweigerung auftreten, beeintr\u00e4chtigt das nicht nur die gesunde Pers\u00f6nlichkeitsentwicklung des Kindes, sondern belastet auch die gesamte Familie in hohem Ma\u00df. Professionelle Distanz und eine &hellip; <\/p>\n<p class=\"link-more\"><a href=\"https:\/\/lerntherapie-dietzenbach.de\/?page_id=120\" class=\"more-link\"><span class=\"screen-reader-text\">\u201eMein Ansatz\u201c<\/span> weiterlesen<\/a><\/p>\n","protected":false},"author":1,"featured_media":0,"parent":0,"menu_order":0,"comment_status":"closed","ping_status":"closed","template":"","meta":{"footnotes":""},"class_list":["post-120","page","type-page","status-publish","hentry"],"_links":{"self":[{"href":"https:\/\/lerntherapie-dietzenbach.de\/index.php?rest_route=\/wp\/v2\/pages\/120","targetHints":{"allow":["GET"]}}],"collection":[{"href":"https:\/\/lerntherapie-dietzenbach.de\/index.php?rest_route=\/wp\/v2\/pages"}],"about":[{"href":"https:\/\/lerntherapie-dietzenbach.de\/index.php?rest_route=\/wp\/v2\/types\/page"}],"author":[{"embeddable":true,"href":"https:\/\/lerntherapie-dietzenbach.de\/index.php?rest_route=\/wp\/v2\/users\/1"}],"replies":[{"embeddable":true,"href":"https:\/\/lerntherapie-dietzenbach.de\/index.php?rest_route=%2Fwp%2Fv2%2Fcomments&post=120"}],"version-history":[{"count":2,"href":"https:\/\/lerntherapie-dietzenbach.de\/index.php?rest_route=\/wp\/v2\/pages\/120\/revisions"}],"predecessor-version":[{"id":271,"href":"https:\/\/lerntherapie-dietzenbach.de\/index.php?rest_route=\/wp\/v2\/pages\/120\/revisions\/271"}],"wp:attachment":[{"href":"https:\/\/lerntherapie-dietzenbach.de\/index.php?rest_route=%2Fwp%2Fv2%2Fmedia&parent=120"}],"curies":[{"name":"wp","href":"https:\/\/api.w.org\/{rel}","templated":true}]}}