{"id":126,"date":"2014-12-30T17:07:00","date_gmt":"2014-12-30T15:07:00","guid":{"rendered":"http:\/\/www.lerntherapie-ismaning.de\/?page_id=126"},"modified":"2023-10-16T00:51:41","modified_gmt":"2023-10-15T22:51:41","slug":"zu-meiner-person-2","status":"publish","type":"page","link":"https:\/\/lerntherapie-dietzenbach.de\/?page_id=126","title":{"rendered":"Zu meiner Person"},"content":{"rendered":"<p><strong><img loading=\"lazy\" decoding=\"async\" class=\"alignright wp-image-246 \" src=\"https:\/\/lerntherapie-dietzenbach.de\/wp-content\/uploads\/2018\/12\/ImproveP7293543-768x1024-1-225x300.jpg\" alt=\"\" width=\"253\" height=\"337\" srcset=\"https:\/\/lerntherapie-dietzenbach.de\/wp-content\/uploads\/2018\/12\/ImproveP7293543-768x1024-1-225x300.jpg 225w, https:\/\/lerntherapie-dietzenbach.de\/wp-content\/uploads\/2018\/12\/ImproveP7293543-768x1024-1.jpg 768w\" sizes=\"auto, (max-width: 253px) 100vw, 253px\" \/><\/strong><\/p>\n<p><strong>seit Nov.<\/strong> <strong>2018<\/strong><br \/>\nPraxis f\u00fcr Integrative Lerntherapie in Dietzenbach<br \/>\n(Dyskalkulie- u. Legasthenietherapie)<\/p>\n<p><strong>2015 &#8211; 2018<\/strong><br \/>\nEigene Praxis f\u00fcr Integrative Lerntherapie\u00a0in Ismaning (Dyskalkulie- u. Legasthenietherapie)<\/p>\n<p><strong>2012 &#8211; 2015<\/strong><br \/>\nMasterstudiengang Integrative Lerntherapie\u00a0 PH Schw\u00e4bisch Gm\u00fcnd, Abschluss M.A.<\/p>\n<p><strong>2008 &#8211; 2009<br \/>\n<\/strong>Grundausbildung zur Integrativen Lerntherapeutin (FiL)<\/p>\n<p><strong>2005 &#8211; 2012<\/strong><br \/>\nAufbau und Leitung der Ganztagsbetreuung der R.- Steiner-Schule Ismaning<\/p>\n<p><strong>2003 &#8211; 2005<br \/>\n<\/strong>Freiberufliche T\u00e4tigkeit als Fortbildnerin f\u00fcr Erzieher und P\u00e4dagogen<\/p>\n<p><strong>1996 &#8211; 2005<br \/>\n<\/strong>Gr\u00fcndung und Leitung des Kultur- und Familienforums e.V.<\/p>\n<p><strong>1992 &#8211; 1994<br \/>\n<\/strong>Lehrerin an der Rudolf-Steiner-Schule Dietzenbach<\/p>\n<p><strong>1990<br \/>\n<\/strong>Geburt des ersten von drei Kindern<\/p>\n<p><strong>1987 &#8211; 1989<br \/>\n<\/strong>Ausbildung zur Waldorflehrerin<\/p>\n<p><strong>1983 &#8211; 1987<\/strong><br \/>\nStudium der Kunstp\u00e4dagogik an der J.-W.-Goethe-Universit\u00e4t Frankfurt<\/p>\n","protected":false},"excerpt":{"rendered":"<p>seit Nov. 2018 Praxis f\u00fcr Integrative Lerntherapie in Dietzenbach (Dyskalkulie- u. Legasthenietherapie) 2015 &#8211; 2018 Eigene Praxis f\u00fcr Integrative Lerntherapie\u00a0in Ismaning (Dyskalkulie- u. Legasthenietherapie) 2012 &#8211; 2015 Masterstudiengang Integrative Lerntherapie\u00a0 PH Schw\u00e4bisch Gm\u00fcnd, Abschluss M.A. 2008 &#8211; 2009 Grundausbildung zur Integrativen Lerntherapeutin (FiL) 2005 &#8211; 2012 Aufbau und Leitung der Ganztagsbetreuung der R.- Steiner-Schule Ismaning &hellip; <\/p>\n<p class=\"link-more\"><a href=\"https:\/\/lerntherapie-dietzenbach.de\/?page_id=126\" class=\"more-link\"><span class=\"screen-reader-text\">\u201eZu meiner Person\u201c<\/span> weiterlesen<\/a><\/p>\n","protected":false},"author":1,"featured_media":0,"parent":0,"menu_order":3,"comment_status":"closed","ping_status":"closed","template":"","meta":{"footnotes":""},"class_list":["post-126","page","type-page","status-publish","hentry"],"_links":{"self":[{"href":"https:\/\/lerntherapie-dietzenbach.de\/index.php?rest_route=\/wp\/v2\/pages\/126","targetHints":{"allow":["GET"]}}],"collection":[{"href":"https:\/\/lerntherapie-dietzenbach.de\/index.php?rest_route=\/wp\/v2\/pages"}],"about":[{"href":"https:\/\/lerntherapie-dietzenbach.de\/index.php?rest_route=\/wp\/v2\/types\/page"}],"author":[{"embeddable":true,"href":"https:\/\/lerntherapie-dietzenbach.de\/index.php?rest_route=\/wp\/v2\/users\/1"}],"replies":[{"embeddable":true,"href":"https:\/\/lerntherapie-dietzenbach.de\/index.php?rest_route=%2Fwp%2Fv2%2Fcomments&post=126"}],"version-history":[{"count":7,"href":"https:\/\/lerntherapie-dietzenbach.de\/index.php?rest_route=\/wp\/v2\/pages\/126\/revisions"}],"predecessor-version":[{"id":354,"href":"https:\/\/lerntherapie-dietzenbach.de\/index.php?rest_route=\/wp\/v2\/pages\/126\/revisions\/354"}],"wp:attachment":[{"href":"https:\/\/lerntherapie-dietzenbach.de\/index.php?rest_route=%2Fwp%2Fv2%2Fmedia&parent=126"}],"curies":[{"name":"wp","href":"https:\/\/api.w.org\/{rel}","templated":true}]}}