{"id":174,"date":"2018-05-12T18:24:30","date_gmt":"2018-05-12T14:24:30","guid":{"rendered":"http:\/\/www.lerntherapie-ismaning.de\/?page_id=174"},"modified":"2018-12-05T01:27:53","modified_gmt":"2018-12-05T00:27:53","slug":"beratung","status":"publish","type":"page","link":"https:\/\/lerntherapie-dietzenbach.de\/?page_id=174","title":{"rendered":"Beratung"},"content":{"rendered":"<p>Ich berate Familien aus\u00a0Dietzenbach und auch aus\u00a0dem gesamten Kreis Offenbach, der Stadt Offenbach sowie den umliegenden Gemeinden.<br \/>\nOb Selbstzahler oder durch das\u00a0Jugendamt gef\u00f6rdert &#8211; Sie haben stets die M\u00f6glichkeit, zun\u00e4chst\u00a0Kontakt zu mir aufzunehmen und einen Gespr\u00e4chstermin zu vereinbaren, ohne Ihr Kind bereits verbindlich anmelden zu m\u00fcssen.<\/p>\n<p>Das Ziel\u00a0eines solchen\u00a0Erstgespr\u00e4ches ist es, dass alle Beteiligten erfahren, auf was sie sich im Falle einer F\u00f6rderung einlassen. Sie als Eltern k\u00f6nnen sich ein erstes Bild meiner Arbeitsweise machen. F\u00fcr einen l\u00e4ngeren gemeinsamen Weg braucht es Akzeptanz von beiden Seiten. Ganz wichtig ist f\u00fcr Ihr Kind die Gewissheit, dass es gerne kommen wird.<\/p>\n<p>Wenn f\u00fcr beide Seiten eine gemeinsame Arbeit vorstellbar ist, biete ich einen Einzeltermin an, um die individuellen Schwierigkeiten Ihres Kindes genauer zu erfassen (Ermittlung der Lernausgangslage) mit einem anschlie\u00dfenden Gespr\u00e4ch.<\/p>\n<p>F\u00fcr weitere Ausk\u00fcnfte stehe ich Ihnen gerne zur Verf\u00fcgung.<\/p>\n<h3><\/h3>\n","protected":false},"excerpt":{"rendered":"<p>Ich berate Familien aus\u00a0Dietzenbach und auch aus\u00a0dem gesamten Kreis Offenbach, der Stadt Offenbach sowie den umliegenden Gemeinden. Ob Selbstzahler oder durch das\u00a0Jugendamt gef\u00f6rdert &#8211; Sie haben stets die M\u00f6glichkeit, zun\u00e4chst\u00a0Kontakt zu mir aufzunehmen und einen Gespr\u00e4chstermin zu vereinbaren, ohne Ihr Kind bereits verbindlich anmelden zu m\u00fcssen. Das Ziel\u00a0eines solchen\u00a0Erstgespr\u00e4ches ist es, dass alle Beteiligten erfahren, &hellip; <\/p>\n<p class=\"link-more\"><a href=\"https:\/\/lerntherapie-dietzenbach.de\/?page_id=174\" class=\"more-link\"><span class=\"screen-reader-text\">\u201eBeratung\u201c<\/span> weiterlesen<\/a><\/p>\n","protected":false},"author":1,"featured_media":0,"parent":0,"menu_order":0,"comment_status":"closed","ping_status":"closed","template":"","meta":{"footnotes":""},"class_list":["post-174","page","type-page","status-publish","hentry"],"_links":{"self":[{"href":"https:\/\/lerntherapie-dietzenbach.de\/index.php?rest_route=\/wp\/v2\/pages\/174","targetHints":{"allow":["GET"]}}],"collection":[{"href":"https:\/\/lerntherapie-dietzenbach.de\/index.php?rest_route=\/wp\/v2\/pages"}],"about":[{"href":"https:\/\/lerntherapie-dietzenbach.de\/index.php?rest_route=\/wp\/v2\/types\/page"}],"author":[{"embeddable":true,"href":"https:\/\/lerntherapie-dietzenbach.de\/index.php?rest_route=\/wp\/v2\/users\/1"}],"replies":[{"embeddable":true,"href":"https:\/\/lerntherapie-dietzenbach.de\/index.php?rest_route=%2Fwp%2Fv2%2Fcomments&post=174"}],"version-history":[{"count":3,"href":"https:\/\/lerntherapie-dietzenbach.de\/index.php?rest_route=\/wp\/v2\/pages\/174\/revisions"}],"predecessor-version":[{"id":263,"href":"https:\/\/lerntherapie-dietzenbach.de\/index.php?rest_route=\/wp\/v2\/pages\/174\/revisions\/263"}],"wp:attachment":[{"href":"https:\/\/lerntherapie-dietzenbach.de\/index.php?rest_route=%2Fwp%2Fv2%2Fmedia&parent=174"}],"curies":[{"name":"wp","href":"https:\/\/api.w.org\/{rel}","templated":true}]}}