{"id":184,"date":"2018-05-12T18:38:42","date_gmt":"2018-05-12T14:38:42","guid":{"rendered":"http:\/\/www.lerntherapie-ismaning.de\/?page_id=184"},"modified":"2025-10-06T09:33:02","modified_gmt":"2025-10-06T07:33:02","slug":"der-erste-schritt","status":"publish","type":"page","link":"https:\/\/lerntherapie-dietzenbach.de\/?page_id=184","title":{"rendered":"Der erste Schritt"},"content":{"rendered":"<p>Wenn Ihr Kind oft m\u00fcde und abgeschlagen von der Schule nach Hause kommt oder sich morgens nur widerwillig auf den Schulweg macht, wenn die Lehrerin beklagt, dass die Deutschaufs\u00e4tze immer noch zu viele Fehler aufweisen oder die h\u00e4usliche Erledigung der Matheaufgaben sich mit jedem Mal mehr zu einer Familienkrise ausweitet, dann&#8230;<br \/>\n&#8230;.ja, dann empfehle ich Ihnen einen Termin zur Lernstandsanalyse bei mir zu vereinbaren.<\/p>\n<p>Dieser Termin umfasst eine volle Zeitstunde, in der ich mit Ihrem Kind verschiedene \u00dcbungen in dem jeweils problematischen Bereich mache, um am Ende ein erstes Bild davon zu bekommen, inwieweit die Schwierigkeiten auf eine Lese-\/Rechtschreibschw\u00e4che\u00a0 oder Rechenschw\u00e4che deuten k\u00f6nnten. Dabei lege ich gro\u00dfen Wert auf den unmittelbaren Dialog mit dem Kind, um schon erste Erkenntnisse zu gewinnen, <strong>wie<\/strong> das Kind denkt bzw. Gelerntes umsetzt.<br \/>\nAuch auf der Verhaltensebene beobachte ich Ihr Kind, denn h\u00e4ufig zeigen sich Lernschwierigkeiten\u00a0 als Symptom eines v\u00f6llig anders gelagerten Problems.<\/p>\n<p>Hier\u00fcber mehr Klarheit zu erhalten, ist Sinn und Zwecks dieser Erstuntersuchung. Dazu geh\u00f6rt selbstverst\u00e4ndlich ein Elterngespr\u00e4ch, in dem ich Ihnen von meinen Wahrnehmungen und den \u00dcbungsergebnissen berichte.<br \/>\nDas beschriebene Angebot kostet 125 Euro und ist als Einzelleistung erh\u00e4ltlich. Nach dem gemeinsamen Gespr\u00e4ch entscheiden Sie als Eltern, wie Sie weiter verfahren m\u00f6chten.<\/p>\n<p>Bei weiteren Fragen oder zur Terminvereinbarung kontaktieren Sie mich gerne unter Tel. 06074 4860438.<\/p>\n<p>&nbsp;<\/p>\n<p>&nbsp;<\/p>\n","protected":false},"excerpt":{"rendered":"<p>Wenn Ihr Kind oft m\u00fcde und abgeschlagen von der Schule nach Hause kommt oder sich morgens nur widerwillig auf den Schulweg macht, wenn die Lehrerin beklagt, dass die Deutschaufs\u00e4tze immer noch zu viele Fehler aufweisen oder die h\u00e4usliche Erledigung der Matheaufgaben sich mit jedem Mal mehr zu einer Familienkrise ausweitet, dann&#8230; &#8230;.ja, dann empfehle ich &hellip; <\/p>\n<p class=\"link-more\"><a href=\"https:\/\/lerntherapie-dietzenbach.de\/?page_id=184\" class=\"more-link\"><span class=\"screen-reader-text\">\u201eDer erste Schritt\u201c<\/span> weiterlesen<\/a><\/p>\n","protected":false},"author":1,"featured_media":0,"parent":0,"menu_order":1,"comment_status":"closed","ping_status":"closed","template":"","meta":{"footnotes":""},"class_list":["post-184","page","type-page","status-publish","hentry"],"_links":{"self":[{"href":"https:\/\/lerntherapie-dietzenbach.de\/index.php?rest_route=\/wp\/v2\/pages\/184","targetHints":{"allow":["GET"]}}],"collection":[{"href":"https:\/\/lerntherapie-dietzenbach.de\/index.php?rest_route=\/wp\/v2\/pages"}],"about":[{"href":"https:\/\/lerntherapie-dietzenbach.de\/index.php?rest_route=\/wp\/v2\/types\/page"}],"author":[{"embeddable":true,"href":"https:\/\/lerntherapie-dietzenbach.de\/index.php?rest_route=\/wp\/v2\/users\/1"}],"replies":[{"embeddable":true,"href":"https:\/\/lerntherapie-dietzenbach.de\/index.php?rest_route=%2Fwp%2Fv2%2Fcomments&post=184"}],"version-history":[{"count":7,"href":"https:\/\/lerntherapie-dietzenbach.de\/index.php?rest_route=\/wp\/v2\/pages\/184\/revisions"}],"predecessor-version":[{"id":356,"href":"https:\/\/lerntherapie-dietzenbach.de\/index.php?rest_route=\/wp\/v2\/pages\/184\/revisions\/356"}],"wp:attachment":[{"href":"https:\/\/lerntherapie-dietzenbach.de\/index.php?rest_route=%2Fwp%2Fv2%2Fmedia&parent=184"}],"curies":[{"name":"wp","href":"https:\/\/api.w.org\/{rel}","templated":true}]}}