{"id":207,"date":"2018-12-03T12:37:29","date_gmt":"2018-12-03T11:37:29","guid":{"rendered":"https:\/\/lerntherapie-dietzenbach.de\/?page_id=207"},"modified":"2022-06-02T17:03:33","modified_gmt":"2022-06-02T15:03:33","slug":"willkommen-2","status":"publish","type":"page","link":"https:\/\/lerntherapie-dietzenbach.de\/","title":{"rendered":"Willkommen"},"content":{"rendered":"<div>\n<p>Auf den nachfolgenden Seiten stelle ich Ihnen gerne mein Angebot zur Lerntherapie und\u00a0Lernf\u00f6rderung vor.<\/p>\n<p>Ich f\u00fchre sowohl Legasthenie- als auch Dyskalkulietherapien durch und bin hierf\u00fcr vom Jugendamt des Kreises Offenbach als Legasthenie- und Dyskalkulietherapeutin anerkannt.<\/p>\n<p>Dar\u00fcber hinaus biete ich Lerncoaching und allgemeine Begleitung bei Lernst\u00f6rung und Lernschwierigkeiten an.<\/p>\n<p>Ich lade Sie herzlich ein, sich hier ein wenig umzusehen und sich \u00fcber mich und meine Arbeit zu informieren.<\/p>\n<p>Bei Fragen oder f\u00fcr n\u00e4here Angaben:<br \/>\nRufen Sie mich an: <strong>06074-4860438<br \/>\n<\/strong>Schreiben Sie mir eine E-Mail: <strong><a href=\"mailto:info@lerntherapie-dietzenbach.de\">info@lerntherapie-dietzenbach.de<\/a><\/strong>.<\/p>\n<\/div>\n<div><\/div>\n","protected":false},"excerpt":{"rendered":"<p>Auf den nachfolgenden Seiten stelle ich Ihnen gerne mein Angebot zur Lerntherapie und\u00a0Lernf\u00f6rderung vor. Ich f\u00fchre sowohl Legasthenie- als auch Dyskalkulietherapien durch und bin hierf\u00fcr vom Jugendamt des Kreises Offenbach als Legasthenie- und Dyskalkulietherapeutin anerkannt. Dar\u00fcber hinaus biete ich Lerncoaching und allgemeine Begleitung bei Lernst\u00f6rung und Lernschwierigkeiten an. Ich lade Sie herzlich ein, sich hier &hellip; <\/p>\n<p class=\"link-more\"><a href=\"https:\/\/lerntherapie-dietzenbach.de\/\" class=\"more-link\"><span class=\"screen-reader-text\">\u201eWillkommen\u201c<\/span> weiterlesen<\/a><\/p>\n","protected":false},"author":1,"featured_media":0,"parent":0,"menu_order":0,"comment_status":"closed","ping_status":"closed","template":"","meta":{"footnotes":""},"class_list":["post-207","page","type-page","status-publish","hentry"],"_links":{"self":[{"href":"https:\/\/lerntherapie-dietzenbach.de\/index.php?rest_route=\/wp\/v2\/pages\/207","targetHints":{"allow":["GET"]}}],"collection":[{"href":"https:\/\/lerntherapie-dietzenbach.de\/index.php?rest_route=\/wp\/v2\/pages"}],"about":[{"href":"https:\/\/lerntherapie-dietzenbach.de\/index.php?rest_route=\/wp\/v2\/types\/page"}],"author":[{"embeddable":true,"href":"https:\/\/lerntherapie-dietzenbach.de\/index.php?rest_route=\/wp\/v2\/users\/1"}],"replies":[{"embeddable":true,"href":"https:\/\/lerntherapie-dietzenbach.de\/index.php?rest_route=%2Fwp%2Fv2%2Fcomments&post=207"}],"version-history":[{"count":11,"href":"https:\/\/lerntherapie-dietzenbach.de\/index.php?rest_route=\/wp\/v2\/pages\/207\/revisions"}],"predecessor-version":[{"id":325,"href":"https:\/\/lerntherapie-dietzenbach.de\/index.php?rest_route=\/wp\/v2\/pages\/207\/revisions\/325"}],"wp:attachment":[{"href":"https:\/\/lerntherapie-dietzenbach.de\/index.php?rest_route=%2Fwp%2Fv2%2Fmedia&parent=207"}],"curies":[{"name":"wp","href":"https:\/\/api.w.org\/{rel}","templated":true}]}}