{"id":296,"date":"2022-06-02T16:34:38","date_gmt":"2022-06-02T14:34:38","guid":{"rendered":"https:\/\/lerntherapie-dietzenbach.de\/?page_id=296"},"modified":"2025-10-06T10:08:43","modified_gmt":"2025-10-06T08:08:43","slug":"das-feedback-der-eltern","status":"publish","type":"page","link":"https:\/\/lerntherapie-dietzenbach.de\/?page_id=296","title":{"rendered":"Elternfeedback"},"content":{"rendered":"<blockquote>\n<h3>\u00a0&#8222;Wir haben die Zusammenarbeit als sehr konstruktiv und gut erlebt. Frau Kayser war sehr klar und transparent in ihrer Kommunikation zu uns Eltern, dar\u00fcber wie sie Lea sieht, einsch\u00e4tzt und woran sie arbeitet.<br \/>\nVor allem am Anfang der Therapie, als wir in der Diagnostikphase waren und sehr gro\u00dfe Sorgen und viele Unklarheiten hatten, hat uns Frau Kayser sehr unterst\u00fctzt und geholfen mit der unkomplizierten Ersteinsch\u00e4tzung ihrerseits und der M\u00f6glichkeit kurzfristig mit der Therapie zu beginnen.<br \/>\nFrau Kaysers fachliche Kompetenz sch\u00e4tzen wir als sehr hoch ein.<br \/>\nIch w\u00fcrde die Lerntherapiepraxis Freunden und Bekannten weiterempfehlen.&#8220;<br \/>\nMutter einer Drittkl\u00e4sslerin mit Problemen im Rechnen<\/h3>\n<\/blockquote>\n<h2>&#8222;Liebe Frau Kayser,<br \/>\nnoch einmal m\u00f6chten wir uns ganz herzlich bei Ihnen f\u00fcr die Zusammenarbeit im letzten Jahr ganz herzlich bedanken.<br \/>\nAnton ist immer gerne zu Ihnen gekommen und wir f\u00fchlten uns sehr gut bei Ihnen aufgehoben.<br \/>\nIn den einzelnen Stunden waren das Lernen mit Spiel und Spa\u00df vereint.\u00a0 Seine Rechtschreibung ist in kurzer Zeit um einiges besser geworden. Hausaufgaben fielen ihm wesentlich leichter.<br \/>\nDie Lernerfolge best\u00e4tigten uns auch Antons Lehrerinnen.<br \/>\nNoch einmal ein herzliches &#8222;Vergelt\u00b4s Gott&#8220; f\u00fcr alles und alles Liebe und Gute f\u00fcr die Zukunft<br \/>\nw\u00fcnscht Familie B.&#8220;<\/h2>\n<p>&nbsp;<\/p>\n<p>&#8222;Wir haben die Lerntherapie mit einem gest\u00e4rkten Kind verlassen, das nun klarer versteht, seine Aufgaben selbst zu erarbeiten.<br \/>\nFrau Kayser ist sehr empathisch und offen auf unsere Tochter zugegangen. Unsere Tochter mochte sie sehr.&#8220;<br \/>\nM\u00e4dchen, 4. Klasse mit Matheproblemen<\/p>\n<p>&nbsp;<\/p>\n<p>&#8222;Liebe Frau Kayser,<br \/>\nwir m\u00f6chten uns von Herzen bei Ihnen bedanken.<br \/>\nSie haben unserer Tochter nicht nur sprachlich geholfen, sondern ihr auch Mut, Geduld und Vertrauen mitgegeben \u2013 und das sieht man.<br \/>\nIhr sch\u00f6nes Zeugnis ist auch ein St\u00fcck Ihrer Arbeit, und daf\u00fcr sind wir Ihnen sehr dankbar.<br \/>\nVielen Dank, dass Sie an unsere Tochter geglaubt haben.<br \/>\nSie haben einen wichtigen Teil zu ihrem Weg beigetragen. &#x1f338;<br \/>\nMit herzlichen Gr\u00fc\u00dfen<br \/>\nFamilie O.&#8220;<br \/>\nM\u00e4dchen, 2. Klasse, mit Rechenschwierigkeiten<\/p>\n<h6>&#8222;Uns konnte nichts Besseres passieren! Die Zusammenarbeit war jederzeit mehr als vorbildlich. Unser Sohn hat einen Weg heraus aus seiner LRS-Schw\u00e4che gezeigt bekommen. Er hat gelernt, etwas \u201eanders\u201c zu lernen. Er hat endlich wieder Selbstvertrauen in das, was er schreibt, bekommen und findet sogar eigene Fehler in der Rechtschreibung. Er geht gest\u00e4rkt aus der Therapie und kann sich jetzt guten Gewissens seiner n\u00e4chsten Herausforderung, dem Abitur, stellen. Er hat keine Bedenken mehr, es nicht schaffen zu k\u00f6nnen. Frau Kayser konnte unserem Sohn die Dinge vermitteln, was mir als Mutter leider nicht gelungen ist.&#8220;<br \/>\nFrau K. mit Sohn Domenik, 16 Jahre<\/h6>\n<p>&nbsp;<\/p>\n<blockquote>\n<h3>&#8222;Um unseren Sohn in Mathe zu unterst\u00fctzen, w\u00e4hlten wir die Lerntherapie bei Frau Kayser. Wir suchten keine klassische Nachhilfe, sondern jemanden, der erkennt, warum es ihm schwerf\u00e4llt und wo wir ansetzen m\u00fcssen. Wir und vor allem unser Sohn haben uns sehr gut aufgehoben gef\u00fchlt. Frau Kayser hat ihn sehr gut eingesch\u00e4tzt und konnte ihn immer aufs Neue begeistern. Er hat so Freude an Mathe gefunden und ist richtig gerne zur Lerntherapie gegangen.<br \/>\nF\u00fcr uns als Eltern war Frau Kayser zu jeder Zeit als Ansprechpartnerin da. Wir waren st\u00e4ndig im Austausch.<br \/>\nIhre kompetente, stets liebenswerte, verbindliche Art sch\u00e4tzen wir sehr. Freudig \u00fcberrascht waren wir, dass unser Sohn nach nicht allzu langer Zeit von Frau Kayser \u201eentlassen\u201c wurde, um es nun komplett alleine zu bewerkstelligen. Dies l\u00e4uft prima.<br \/>\nJederzeit w\u00fcrden wir Frau Kayser wieder kontaktieren und konsultieren. Wir k\u00f6nnen sie uneingeschr\u00e4nkt empfehlen. Uns wurde Frau Kayser von Freunden empfohlen. Wir haben Frau Kayser bereits an Freunde empfohlen, die ebenfalls sehr zufrieden sind.&#8220;<br \/>\nFamilie K. mit E., 2. Klasse<\/h3>\n<\/blockquote>\n<h3>&#8222;Man merkt auch, wie sehr Frau Kayser ihren Beruf mit Kindern mag und wie wunderbar sie mit ihnen umgehen kann.&#8220;<br \/>\nVater einer achtj\u00e4hrigen Tochter<\/h3>\n<p>&nbsp;<\/p>\n<p><em>&#8222;Die Zusammenarbeit zwischen Frau Kayser, unserer Tochter und uns war w\u00e4hrend der ganzen Therapie hervorragend, konstruktiv, offen und sehr harmonisch&#8230;.Wir verlassen die Lerntherapiepraxis mit nur positiven Eindr\u00fccken&#8230;.<\/em><br \/>\n<em>Die Lerntherapie ist wesentlich fundierter als eine Nachhilfe, da auch auf das fehlende Basiswissen eingegangen werden kann.&#8220;<\/em><br \/>\n<em>Familie Hofmann mit Tochter, 6. Klasse<\/em><\/p>\n<p>&nbsp;<\/p>\n<p>&#8222;Das spielerische Lernen und die damit verbundene Leichtigkeit beim Lernen, hat uns sehr gut gefallen. Frau Kayser ist individuell auf unsere Tochter und deren Lernweise eingegangen. Statt kurzfristigem Pauken wird eine \u201enachhaltige Methode\u201c vermittelt, die unsere Tochter in Bezug auf Mathe gest\u00e4rkt hat.&#8220;<br \/>\nM\u00e4dchen, 4. Klasse<\/p>\n<h4>&#8222;An der Art wie Frau Kayser arbeitet, gibt es nach meiner Meinung nichts zu verbessern. F\u00fcr uns war es perfekt!&#8220;<br \/>\nFamilie H. mit Sohn A., 3. Klasse<\/h4>\n<h3><em>&#8222;Vorweg, M. hat es bei Ihnen gut gefallen! Die Spiele haben M. besonders gut gefallen. Dadurch hat sie gelernt, dass Mathematik Spa\u00df machen kann. Am Ende ging M. ohne gro\u00dfes Murren zu Ihnen. Mathe war am Ende f\u00fcr sie keine Last mehr, auch wenn sie immer flei\u00dfig \u00fcben muss, um nicht aus der \u00dcbung zu kommen.&#8220;<\/em><br \/>\n<em>Frau P., Mutter einer Viertkl\u00e4sslerin<\/em><\/h3>\n<blockquote><p>&nbsp;<\/p><\/blockquote>\n","protected":false},"excerpt":{"rendered":"<p>\u00a0&#8222;Wir haben die Zusammenarbeit als sehr konstruktiv und gut erlebt. Frau Kayser war sehr klar und transparent in ihrer Kommunikation zu uns Eltern, dar\u00fcber wie sie Lea sieht, einsch\u00e4tzt und woran sie arbeitet. Vor allem am Anfang der Therapie, als wir in der Diagnostikphase waren und sehr gro\u00dfe Sorgen und viele Unklarheiten hatten, hat uns &hellip; <\/p>\n<p class=\"link-more\"><a href=\"https:\/\/lerntherapie-dietzenbach.de\/?page_id=296\" class=\"more-link\"><span class=\"screen-reader-text\">\u201eElternfeedback\u201c<\/span> weiterlesen<\/a><\/p>\n","protected":false},"author":1,"featured_media":0,"parent":0,"menu_order":0,"comment_status":"closed","ping_status":"closed","template":"","meta":{"footnotes":""},"class_list":["post-296","page","type-page","status-publish","hentry"],"_links":{"self":[{"href":"https:\/\/lerntherapie-dietzenbach.de\/index.php?rest_route=\/wp\/v2\/pages\/296","targetHints":{"allow":["GET"]}}],"collection":[{"href":"https:\/\/lerntherapie-dietzenbach.de\/index.php?rest_route=\/wp\/v2\/pages"}],"about":[{"href":"https:\/\/lerntherapie-dietzenbach.de\/index.php?rest_route=\/wp\/v2\/types\/page"}],"author":[{"embeddable":true,"href":"https:\/\/lerntherapie-dietzenbach.de\/index.php?rest_route=\/wp\/v2\/users\/1"}],"replies":[{"embeddable":true,"href":"https:\/\/lerntherapie-dietzenbach.de\/index.php?rest_route=%2Fwp%2Fv2%2Fcomments&post=296"}],"version-history":[{"count":20,"href":"https:\/\/lerntherapie-dietzenbach.de\/index.php?rest_route=\/wp\/v2\/pages\/296\/revisions"}],"predecessor-version":[{"id":343,"href":"https:\/\/lerntherapie-dietzenbach.de\/index.php?rest_route=\/wp\/v2\/pages\/296\/revisions\/343"}],"wp:attachment":[{"href":"https:\/\/lerntherapie-dietzenbach.de\/index.php?rest_route=%2Fwp%2Fv2%2Fmedia&parent=296"}],"curies":[{"name":"wp","href":"https:\/\/api.w.org\/{rel}","templated":true}]}}