{"id":358,"date":"2025-10-06T10:15:37","date_gmt":"2025-10-06T08:15:37","guid":{"rendered":"https:\/\/lerntherapie-dietzenbach.de\/?page_id=358"},"modified":"2025-10-06T10:17:06","modified_gmt":"2025-10-06T08:17:06","slug":"die-integrative-lerntherapie","status":"publish","type":"page","link":"https:\/\/lerntherapie-dietzenbach.de\/?page_id=358","title":{"rendered":"Die Integrative Lerntherapie"},"content":{"rendered":"<p>Die Integrative Lerntherapie, auf deren Basis meine Angebote aufbauen, ist eine ganzheitliche Entwicklungsf\u00f6rderung unter Einbeziehung des sozialen Umfeldes.<br \/>\nIch erm\u00f6gliche Ihrem Kind, wenn es zu mir kommt, dass es sich inhaltliche Grundlagen des spezifischen Faches aneignet, nachdem es die Voraussetzungen daf\u00fcr erworben hat. Anschlie\u00dfend k\u00f6nnen wir uns weiterf\u00fchrenden Inhalten widmen.<br \/>\nKennzeichnend f\u00fcr die individuelle F\u00f6rderung ist, dass sie bei den Lernvoraussetzungen des Kindes ansetzt und nicht bei den aktuellen schulischen Inhalten.<br \/>\nLerntempo und Lernniveau werden jeweils seinem Entwicklungsstand angepasst.<\/p>\n","protected":false},"excerpt":{"rendered":"<p>Die Integrative Lerntherapie, auf deren Basis meine Angebote aufbauen, ist eine ganzheitliche Entwicklungsf\u00f6rderung unter Einbeziehung des sozialen Umfeldes. Ich erm\u00f6gliche Ihrem Kind, wenn es zu mir kommt, dass es sich inhaltliche Grundlagen des spezifischen Faches aneignet, nachdem es die Voraussetzungen daf\u00fcr erworben hat. Anschlie\u00dfend k\u00f6nnen wir uns weiterf\u00fchrenden Inhalten widmen. Kennzeichnend f\u00fcr die individuelle F\u00f6rderung &hellip; <\/p>\n<p class=\"link-more\"><a href=\"https:\/\/lerntherapie-dietzenbach.de\/?page_id=358\" class=\"more-link\"><span class=\"screen-reader-text\">\u201eDie Integrative Lerntherapie\u201c<\/span> weiterlesen<\/a><\/p>\n","protected":false},"author":1,"featured_media":0,"parent":0,"menu_order":0,"comment_status":"closed","ping_status":"closed","template":"","meta":{"footnotes":""},"class_list":["post-358","page","type-page","status-publish","hentry"],"_links":{"self":[{"href":"https:\/\/lerntherapie-dietzenbach.de\/index.php?rest_route=\/wp\/v2\/pages\/358","targetHints":{"allow":["GET"]}}],"collection":[{"href":"https:\/\/lerntherapie-dietzenbach.de\/index.php?rest_route=\/wp\/v2\/pages"}],"about":[{"href":"https:\/\/lerntherapie-dietzenbach.de\/index.php?rest_route=\/wp\/v2\/types\/page"}],"author":[{"embeddable":true,"href":"https:\/\/lerntherapie-dietzenbach.de\/index.php?rest_route=\/wp\/v2\/users\/1"}],"replies":[{"embeddable":true,"href":"https:\/\/lerntherapie-dietzenbach.de\/index.php?rest_route=%2Fwp%2Fv2%2Fcomments&post=358"}],"version-history":[{"count":1,"href":"https:\/\/lerntherapie-dietzenbach.de\/index.php?rest_route=\/wp\/v2\/pages\/358\/revisions"}],"predecessor-version":[{"id":360,"href":"https:\/\/lerntherapie-dietzenbach.de\/index.php?rest_route=\/wp\/v2\/pages\/358\/revisions\/360"}],"wp:attachment":[{"href":"https:\/\/lerntherapie-dietzenbach.de\/index.php?rest_route=%2Fwp%2Fv2%2Fmedia&parent=358"}],"curies":[{"name":"wp","href":"https:\/\/api.w.org\/{rel}","templated":true}]}}