{"id":50,"date":"2013-06-02T20:04:44","date_gmt":"2013-06-02T18:04:44","guid":{"rendered":"http:\/\/www.lerntherapie-ismaning.de\/?page_id=50"},"modified":"2022-06-02T17:15:49","modified_gmt":"2022-06-02T15:15:49","slug":"impressum","status":"publish","type":"page","link":"https:\/\/lerntherapie-dietzenbach.de\/?page_id=50","title":{"rendered":"Impressum"},"content":{"rendered":"<p>Angaben gem\u00e4\u00df \u00a7 5 TMG:<\/p>\n<p><span style=\"display: inline !important; float: none; background-color: transparent; color: #333333; cursor: text; font-family: 'Libre Franklin','Helvetica Neue',helvetica,arial,sans-serif; font-size: 16px; font-style: normal; font-variant: normal; font-weight: 400; letter-spacing: normal; orphans: 2; text-align: left; text-decoration: none; text-indent: 0px; text-transform: none; -webkit-text-stroke-width: 0px; white-space: normal; word-spacing: 0px;\">Lerntherapie\u00a0Dietzenbach<br \/>\n<\/span>Gunda Kayser<br \/>\nHeinrich-Jakob-Berz-Weg 13<br \/>\n63128 Dietzenbach<br \/>\nTelefon: <span style=\"display: inline !important; float: none; background-color: transparent; color: #333333; font-family: 'Libre Franklin','Helvetica Neue',helvetica,arial,sans-serif; font-size: 16px; font-style: normal; font-variant: normal; font-weight: 400; letter-spacing: normal; orphans: 2; text-align: left; text-decoration: none; text-indent: 0px; text-transform: none; -webkit-text-stroke-width: 0px; white-space: normal; word-spacing: 0px;\">06074 4860438<\/span><\/p>\n<p>E-Mail: \u00a0 <a href=\"mailto:info@lerntherapie-ismaning.de\">info@lerntherapie-dietzenbach.de<\/a><\/p>\n<p><img loading=\"lazy\" decoding=\"async\" class=\"alignleft wp-image-279 size-medium\" src=\"https:\/\/lerntherapie-dietzenbach.de\/wp-content\/uploads\/2020\/06\/bec689a3-dd56-4834-9fc4-1c43c1c939d5-300x75.png\" alt=\"\" width=\"300\" height=\"75\" srcset=\"https:\/\/lerntherapie-dietzenbach.de\/wp-content\/uploads\/2020\/06\/bec689a3-dd56-4834-9fc4-1c43c1c939d5-300x75.png 300w, https:\/\/lerntherapie-dietzenbach.de\/wp-content\/uploads\/2020\/06\/bec689a3-dd56-4834-9fc4-1c43c1c939d5-1024x256.png 1024w, https:\/\/lerntherapie-dietzenbach.de\/wp-content\/uploads\/2020\/06\/bec689a3-dd56-4834-9fc4-1c43c1c939d5-768x192.png 768w, https:\/\/lerntherapie-dietzenbach.de\/wp-content\/uploads\/2020\/06\/bec689a3-dd56-4834-9fc4-1c43c1c939d5.png 1200w\" sizes=\"auto, (max-width: 300px) 100vw, 300px\" \/><\/p>\n<p>&nbsp;<\/p>\n<p><img loading=\"lazy\" decoding=\"async\" class=\"alignleft wp-image-327 size-medium\" src=\"https:\/\/lerntherapie-dietzenbach.de\/wp-content\/uploads\/2022\/06\/LOGO_BLT_Mitglied_Web-300x149.jpg\" alt=\"\" width=\"300\" height=\"149\" srcset=\"https:\/\/lerntherapie-dietzenbach.de\/wp-content\/uploads\/2022\/06\/LOGO_BLT_Mitglied_Web-300x149.jpg 300w, https:\/\/lerntherapie-dietzenbach.de\/wp-content\/uploads\/2022\/06\/LOGO_BLT_Mitglied_Web.jpg 622w\" sizes=\"auto, (max-width: 300px) 100vw, 300px\" \/><\/p>\n<p>&nbsp;<\/p>\n<p>&nbsp;<\/p>\n<p>&nbsp;<\/p>\n<p>&nbsp;<\/p>\n<p>&nbsp;<\/p>\n<p><em>Quelle:<\/em><br \/>\n<em>Mit dem von eRecht24 bereitgestellten Impressum-Generator erzeugt.<\/em><\/p>\n<p><em>Haftungsausschluss (Disclaimer)<\/em><\/p>\n<p><em><strong>Haftung f\u00fcr Inhalte<\/strong><br \/>\n<\/em><em>Die Inhalte\u00a0meiner Seiten wurden mit gr\u00f6\u00dfter Sorgfalt erstellt. F\u00fcr die Richtigkeit, Vollst\u00e4ndigkeit und Aktualit\u00e4t der Inhalte kann ich jedoch keine Gew\u00e4hr \u00fcbernehmen. Als Diensteanbieter bin ich gem\u00e4\u00df \u00a7 7 Abs.1 TMG f\u00fcr eigene Inhalte auf diesen Seiten nach den allgemeinen Gesetzen verantwortlich. Nach \u00a7\u00a7 8 bis 10 TMG bin ich als Diensteanbieter jedoch nicht verpflichtet, \u00fcbermittelte oder gespeicherte fremde Informationen zu \u00fcberwachen oder nach Umst\u00e4nden zu forschen, die auf eine rechtswidrige T\u00e4tigkeit hinweisen. Verpflichtungen zur Entfernung oder Sperrung der Nutzung von Informationen nach den allgemeinen Gesetzen bleiben hiervon unber\u00fchrt. Eine diesbez\u00fcgliche Haftung ist jedoch erst ab dem Zeitpunkt der Kenntnis einer konkreten Rechtsverletzung m\u00f6glich. Bei Bekanntwerden von entsprechenden Rechtsverletzungen werde ich diese Inhalte umgehend entfernen.<\/em><\/p>\n<p><em><strong>Haftung f\u00fcr Links<\/strong><br \/>\n<\/em><em>Mein\u00a0Angebot enth\u00e4lt m\u00f6glicherweise Links zu externen Webseiten Dritter, auf deren Inhalte\u00a0ich keinen Einfluss haben. Deshalb kann ich f\u00fcr diese fremden Inhalte auch keine Gew\u00e4hr \u00fcbernehmen. F\u00fcr die Inhalte der verlinkten Seiten ist stets der jeweilige Anbieter oder Betreiber der Seiten verantwortlich. Die verlinkten Seiten wurden zum Zeitpunkt der Verlinkung auf m\u00f6gliche Rechtsverst\u00f6\u00dfe \u00fcberpr\u00fcft. Rechtswidrige Inhalte waren zum Zeitpunkt der Verlinkung nicht erkennbar. Eine permanente inhaltliche Kontrolle der verlinkten Seiten ist jedoch ohne konkrete Anhaltspunkte einer Rechtsverletzung nicht zumutbar. Bei Bekanntwerden von Rechtsverletzungen werde ich\u00a0derartige Links umgehend entfernen.<\/em><\/p>\n<p><em><strong>Urheberrecht<\/strong><br \/>\n<\/em><em>Die durch die Seitenbetreiber erstellten Inhalte und Werke auf diesen Seiten unterliegen dem deutschen Urheberrecht. Die Vervielf\u00e4ltigung, Bearbeitung, Verbreitung und jede Art der Verwertung au\u00dferhalb der Grenzen des Urheberrechtes bed\u00fcrfen der schriftlichen Zustimmung des jeweiligen Autors bzw. Erstellers. Downloads und Kopien dieser Seite sind nur f\u00fcr den privaten, nicht kommerziellen Gebrauch gestattet. Soweit die Inhalte auf dieser Seite nicht vom Betreiber erstellt wurden, werden die Urheberrechte Dritter beachtet. Insbesondere werden Inhalte Dritter als solche gekennzeichnet. Sollten Sie trotzdem auf eine Urheberrechtsverletzung aufmerksam werden, bitte ich um einen entsprechenden Hinweis. Bei Bekanntwerden von Rechtsverletzungen werde\u00a0ich derartige Inhalte umgehend entfernen.<\/em><\/p>\n<p><em><strong>Datenschutz<\/strong><br \/>\n<\/em><em>Die Nutzung\u00a0meiner Webseite ist in der Regel ohne Angabe personenbezogener Daten m\u00f6glich. Soweit auf\u00a0meinen Seiten personenbezogene Daten (beispielsweise Name, Anschrift oder eMail-Adressen) erhoben werden, erfolgt dies, soweit m\u00f6glich, stets auf freiwilliger Basis. Diese Daten werden ohne Ihre ausdr\u00fcckliche Zustimmung nicht an Dritte weitergegeben.<\/em><\/p>\n<p><em>Ich weise darauf hin, dass die Daten\u00fcbertragung im Internet (z.B. bei der Kommunikation per E-Mail) Sicherheitsl\u00fccken aufweisen kann. Ein l\u00fcckenloser Schutz der Daten vor dem Zugriff durch Dritte ist nicht m\u00f6glich.<\/em><\/p>\n<p><em>Der Nutzung von im Rahmen der Impressumspflicht ver\u00f6ffentlichten Kontaktdaten durch Dritte zur \u00dcbersendung von nicht ausdr\u00fccklich angeforderter Werbung und Informationsmaterialien wird hiermit ausdr\u00fccklich widersprochen. Die Betreiberin der Seiten beh\u00e4lt sich ausdr\u00fccklich rechtliche Schritte im Falle der unverlangten Zusendung von Werbeinformationen, etwa durch Spam-Mails, vor.<\/em><\/p>\n","protected":false},"excerpt":{"rendered":"<p>Angaben gem\u00e4\u00df \u00a7 5 TMG: Lerntherapie\u00a0Dietzenbach Gunda Kayser Heinrich-Jakob-Berz-Weg 13 63128 Dietzenbach Telefon: 06074 4860438 E-Mail: \u00a0 info@lerntherapie-dietzenbach.de &nbsp; &nbsp; &nbsp; &nbsp; &nbsp; &nbsp; Quelle: Mit dem von eRecht24 bereitgestellten Impressum-Generator erzeugt. Haftungsausschluss (Disclaimer) Haftung f\u00fcr Inhalte Die Inhalte\u00a0meiner Seiten wurden mit gr\u00f6\u00dfter Sorgfalt erstellt. F\u00fcr die Richtigkeit, Vollst\u00e4ndigkeit und Aktualit\u00e4t der Inhalte kann ich &hellip; <\/p>\n<p class=\"link-more\"><a href=\"https:\/\/lerntherapie-dietzenbach.de\/?page_id=50\" class=\"more-link\"><span class=\"screen-reader-text\">\u201eImpressum\u201c<\/span> weiterlesen<\/a><\/p>\n","protected":false},"author":1,"featured_media":0,"parent":0,"menu_order":5,"comment_status":"closed","ping_status":"open","template":"","meta":{"footnotes":""},"class_list":["post-50","page","type-page","status-publish","hentry"],"_links":{"self":[{"href":"https:\/\/lerntherapie-dietzenbach.de\/index.php?rest_route=\/wp\/v2\/pages\/50","targetHints":{"allow":["GET"]}}],"collection":[{"href":"https:\/\/lerntherapie-dietzenbach.de\/index.php?rest_route=\/wp\/v2\/pages"}],"about":[{"href":"https:\/\/lerntherapie-dietzenbach.de\/index.php?rest_route=\/wp\/v2\/types\/page"}],"author":[{"embeddable":true,"href":"https:\/\/lerntherapie-dietzenbach.de\/index.php?rest_route=\/wp\/v2\/users\/1"}],"replies":[{"embeddable":true,"href":"https:\/\/lerntherapie-dietzenbach.de\/index.php?rest_route=%2Fwp%2Fv2%2Fcomments&post=50"}],"version-history":[{"count":12,"href":"https:\/\/lerntherapie-dietzenbach.de\/index.php?rest_route=\/wp\/v2\/pages\/50\/revisions"}],"predecessor-version":[{"id":334,"href":"https:\/\/lerntherapie-dietzenbach.de\/index.php?rest_route=\/wp\/v2\/pages\/50\/revisions\/334"}],"wp:attachment":[{"href":"https:\/\/lerntherapie-dietzenbach.de\/index.php?rest_route=%2Fwp%2Fv2%2Fmedia&parent=50"}],"curies":[{"name":"wp","href":"https:\/\/api.w.org\/{rel}","templated":true}]}}